{"id":16731,"date":"2024-03-25T13:52:37","date_gmt":"2024-03-25T11:52:37","guid":{"rendered":"https:\/\/mrsshop2.demowebserver.de\/product\/schrittschaltrelais-m1-kompakt-24v\/"},"modified":"2024-03-25T13:52:37","modified_gmt":"2024-03-25T11:52:37","slug":"schrittschaltrelais-m1-kompakt-24v","status":"publish","type":"product","link":"https:\/\/mrsshop2.demowebserver.de\/de\/produkt\/schrittschaltrelais-m1-kompakt-24v\/","title":{"rendered":"Schrittschaltrelais M1 kompakt 24 V"},"content":{"rendered":"<p>Anwendungsbereich von Schrittschaltrelais kompakt ist das Ein- und Ausschalten von Verbrauchern \u00fcber Tastbetrieb. Schaltbild S1: Mit dem Schrittschaltrelais kompakt kann ein Verbraucher \u00fcber einen Taster geschalten werden. Wird an Klemme 15 ein positiver \/ negativer Impuls angelegt, schaltet das Relais und h\u00e4lt sich selbst. Mit einem weiteren Impuls wird wieder geschalten. (Stromstossschalter bzw. Toggle Flip-Flop). Die Klemme 15 ist entprellt.<br \/>\nSchaltbild S2: Die Kontakte sind getrennt von der Ansteuerung und k\u00f6nnen daher in Verkn\u00fcpfungen eingesetzt werden. Bei dieser Variante ist der Relaiskontakt komplett potentialfrei und somit in der Lage Wechselspannung zu schalten. Geh\u00e4useformen finden Sie im Kapitel Geh\u00e4use und Grundk\u00f6rper.<\/p>\n","protected":false},"excerpt":{"rendered":"<p>Anwendungsbereich von Schrittschaltrelais kompakt ist das Ein- und Ausschalten von Verbrauchern \u00fcber Tastbetrieb. Schaltbild S1: Mit dem Schrittschaltrelais kompakt kann<\/p>\n","protected":false},"featured_media":14514,"template":"","meta":[],"product_brand":[],"product_cat":[612],"product_tag":[],"class_list":{"0":"post-16731","1":"product","2":"type-product","3":"status-publish","4":"has-post-thumbnail","6":"product_cat-schrittschaltrelais-de","8":"first","9":"instock","10":"taxable","11":"shipping-taxable","12":"product-type-variable"},"acf":[],"_links":{"self":[{"href":"https:\/\/mrsshop2.demowebserver.de\/de\/wp-json\/wp\/v2\/product\/16731","targetHints":{"allow":["GET"]}}],"collection":[{"href":"https:\/\/mrsshop2.demowebserver.de\/de\/wp-json\/wp\/v2\/product"}],"about":[{"href":"https:\/\/mrsshop2.demowebserver.de\/de\/wp-json\/wp\/v2\/types\/product"}],"wp:featuredmedia":[{"embeddable":true,"href":"https:\/\/mrsshop2.demowebserver.de\/de\/wp-json\/wp\/v2\/media\/14514"}],"wp:attachment":[{"href":"https:\/\/mrsshop2.demowebserver.de\/de\/wp-json\/wp\/v2\/media?parent=16731"}],"wp:term":[{"taxonomy":"product_brand","embeddable":true,"href":"https:\/\/mrsshop2.demowebserver.de\/de\/wp-json\/wp\/v2\/product_brand?post=16731"},{"taxonomy":"product_cat","embeddable":true,"href":"https:\/\/mrsshop2.demowebserver.de\/de\/wp-json\/wp\/v2\/product_cat?post=16731"},{"taxonomy":"product_tag","embeddable":true,"href":"https:\/\/mrsshop2.demowebserver.de\/de\/wp-json\/wp\/v2\/product_tag?post=16731"}],"curies":[{"name":"wp","href":"https:\/\/api.w.org\/{rel}","templated":true}]}}