{"id":16725,"date":"2024-03-25T13:52:35","date_gmt":"2024-03-25T11:52:36","guid":{"rendered":"https:\/\/mrsshop2.demowebserver.de\/product\/schrittschaltrelais-24v\/"},"modified":"2024-03-25T13:52:36","modified_gmt":"2024-03-25T11:52:36","slug":"schrittschaltrelais-24v","status":"publish","type":"product","link":"https:\/\/mrsshop2.demowebserver.de\/de\/produkt\/schrittschaltrelais-24v\/","title":{"rendered":"Schrittschaltrelais 24 V"},"content":{"rendered":"<p>Anwendungsbereich von Schrittschaltrelais ist das Ein- und Ausschalten von Verbrauchern \u00fcber Tastbetrieb. Mit dem Schrittschaltrelais kann ein Verbraucher \u00fcber einen Taster geschalten werden. Wird an Klemme 15 ein Impuls detektiert, schaltet das Relais und h\u00e4lt sich selbst. Mit einem weiteren Impuls wird wieder geschalten. (Stromstossschalter bzw. Toggle Flip-Flop). Die Klemme 15 ist entprellt. Geh\u00e4useformen finden Sie im Kapitel Geh\u00e4use und Grundk\u00f6rper. Diese Schrittschaltrelais sind nicht programmierbar.<\/p>\n","protected":false},"excerpt":{"rendered":"<p>Anwendungsbereich von Schrittschaltrelais ist das Ein- und Ausschalten von Verbrauchern \u00fcber Tastbetrieb. Mit dem Schrittschaltrelais kann ein Verbraucher \u00fcber einen<\/p>\n","protected":false},"featured_media":14575,"template":"","meta":[],"product_brand":[],"product_cat":[612],"product_tag":[],"class_list":{"0":"post-16725","1":"product","2":"type-product","3":"status-publish","4":"has-post-thumbnail","6":"product_cat-schrittschaltrelais-de","8":"first","9":"instock","10":"taxable","11":"shipping-taxable","12":"product-type-variable"},"acf":[],"_links":{"self":[{"href":"https:\/\/mrsshop2.demowebserver.de\/de\/wp-json\/wp\/v2\/product\/16725","targetHints":{"allow":["GET"]}}],"collection":[{"href":"https:\/\/mrsshop2.demowebserver.de\/de\/wp-json\/wp\/v2\/product"}],"about":[{"href":"https:\/\/mrsshop2.demowebserver.de\/de\/wp-json\/wp\/v2\/types\/product"}],"wp:featuredmedia":[{"embeddable":true,"href":"https:\/\/mrsshop2.demowebserver.de\/de\/wp-json\/wp\/v2\/media\/14575"}],"wp:attachment":[{"href":"https:\/\/mrsshop2.demowebserver.de\/de\/wp-json\/wp\/v2\/media?parent=16725"}],"wp:term":[{"taxonomy":"product_brand","embeddable":true,"href":"https:\/\/mrsshop2.demowebserver.de\/de\/wp-json\/wp\/v2\/product_brand?post=16725"},{"taxonomy":"product_cat","embeddable":true,"href":"https:\/\/mrsshop2.demowebserver.de\/de\/wp-json\/wp\/v2\/product_cat?post=16725"},{"taxonomy":"product_tag","embeddable":true,"href":"https:\/\/mrsshop2.demowebserver.de\/de\/wp-json\/wp\/v2\/product_tag?post=16725"}],"curies":[{"name":"wp","href":"https:\/\/api.w.org\/{rel}","templated":true}]}}