{"id":11515,"date":"2023-03-22T13:03:23","date_gmt":"2023-03-22T11:03:23","guid":{"rendered":"https:\/\/mrsshop.demowebserver.de\/allgemeine-geschaeftsbedingungen-fuer-private-verbraucher\/"},"modified":"2024-02-29T18:46:49","modified_gmt":"2024-02-29T16:46:49","slug":"allgemeine-geschaeftsbedingungen-fuer-private-verbraucher","status":"publish","type":"page","link":"https:\/\/mrsshop2.demowebserver.de\/de\/allgemeine-geschaeftsbedingungen-fuer-private-verbraucher\/","title":{"rendered":"Allgemeine Gesch\u00e4ftsbedingungen f\u00fcr private Verbraucher"},"content":{"rendered":"\n<h3 class=\"wp-block-heading has-text-color\" style=\"color:#2484c7\"><strong>Allgemeine Gesch\u00e4ftsbedingungen des MRS Electronic Webshops F\u00dcR PRIVATE KUNDEN<\/strong><\/h3>\n\n<p><strong>Verwendete Begriffe<\/strong><\/p>\n\n<p>Verk\u00e4ufer &#8211; MRS Electronic SIA, einheitliche Registrierungsnummer 40203245539, juristische Adresse Augusta Deglava Stra\u00dfe 66, Riga, LV 1035, Lettland, aktuelle Adresse Augusta Deglava Stra\u00dfe 66, B\u00fcro 205, Riga, LV 1035, Lettland, Telefon +371 67581600, E-Mail riga@mrs-electronic.com.<\/p>\n\n<p>Verbraucher &#8211; eine Privatperson, die den Wunsch \u00e4u\u00dfert, ein Produkt zu kaufen, es zu erwerben oder eine Dienstleistung zu einem Zweck in Anspruch zu nehmen, der nicht direkt mit der Gesch\u00e4ftst\u00e4tigkeit des Unternehmens zusammenh\u00e4ngt;<\/p>\n\n<p>K\u00e4ufer &#8211; eine Person, die Waren im Online-Shop des Verk\u00e4ufers kauft. Der K\u00e4ufer kann entweder ein Verbraucher oder ein Unternehmen (juristische Person) sein;<\/p>\n\n<p>Waren &#8211; alle Dinge oder Dienstleistungen, die der Verk\u00e4ufer \u00fcber diese Website anbietet oder verkauft;<\/p>\n\n<p>Hersteller &#8211; eine Person, die im Rahmen ihrer wirtschaftlichen oder beruflichen T\u00e4tigkeit ein Produkt f\u00fcr den Verkauf herstellt oder erneuert oder sich selbst als Hersteller ausgibt, indem sie ihren Namen, Nachnamen, ihr Warenzeichen oder ein anderes Unterscheidungsmerkmal auf dem Produkt oder seiner Verpackung oder seinem technischen Pass angibt;<\/p>\n\n<p>Normative Rechtsakte &#8211; Verordnung des Ministerkabinetts vom 20. Mai 2014 Nr. 255 &#8220;Verordnung \u00fcber Fernabsatzvertr\u00e4ge&#8221;, Gesetz zum Schutz der Verbraucherrechte, Zivilrecht, Handelsrecht und andere verbindliche Rechtsvorschriften, die in der Republik Lettland und der Europ\u00e4ischen Union gelten;<\/p>\n\n<p>Garantie &#8211; eine Erkl\u00e4rung des Herstellers, Verk\u00e4ufers oder Dienstleistungsanbieters, dass die Ware oder Dienstleistung oder ein Teil davon ihre Eigenschaften, Sicherheit und Leistung f\u00fcr einen bestimmten Zeitraum beibehalten wird und der Hersteller, Verk\u00e4ufer oder Dienstleistungsanbieter zus\u00e4tzliche Verpflichtungen \u00fcbernimmt, die nicht durch das Verbraucherschutzgesetz und andere Rechtsvorschriften vorgesehen sind;<\/p>\n\n<p>Nutzungsbedingungen &#8211; Anweisungen des Herstellers oder des Verk\u00e4ufers, nach denen die Ware die Gebrauchseigenschaften und die entsprechende Qualit\u00e4t beibeh\u00e4lt sowie keine Gefahr f\u00fcr das Eigentum, die Gesundheit, das Leben oder die Umwelt des K\u00e4ufers darstellt;<\/p>\n\n<p>Preise &#8211; der Endpreis der auf der Website aufgef\u00fchrten Waren, einschlie\u00dflich Steuern und Geb\u00fchren, f\u00fcr den der Verk\u00e4ufer die Waren \u00fcber diese Website verkauft. Der Preis beinhaltet nicht die Geb\u00fchr f\u00fcr die Lieferung der Waren;<\/p>\n\n<p>Website &#8211; die Website des Verk\u00e4ufers shop.mrs-electronic.com, zu der auch der Online-Store geh\u00f6rt;<\/p>\n\n<p>Parteien &#8211; Verk\u00e4ufer und K\u00e4ufer;<\/p>\n\n<p>Allgemeine Gesch\u00e4ftsbedingungen &#8211; MRS Electronic SIA Website und Online Store Allgemeine Gesch\u00e4ftsbedingungen.<\/p>\n\n<ol class=\"wp-block-list\">\n<li><strong>Allgemeine Bestimmungen<\/strong><\/li>\n<\/ol>\n\n<p>1.1. Diese Bedingungen bestimmen das Rechtsverh\u00e4ltnis zwischen dem K\u00e4ufer und dem Verk\u00e4ufer.<\/p>\n\n<p>1.2. Bevor Sie die Website nutzen, lesen Sie bitte diese Bedingungen sorgf\u00e4ltig durch.<\/p>\n\n<p>1.3. Mit der Nutzung der Website erkl\u00e4rt sich der Nutzer mit den vorliegenden Bedingungen einverstanden.<\/p>\n\n<p>1.4. Die Angebote des Verk\u00e4ufers sind freibleibend. Der Verk\u00e4ufer kann die Informationen auf der Website ohne vorherige Ank\u00fcndigung teilweise oder vollst\u00e4ndig l\u00f6schen, \u00e4ndern oder erg\u00e4nzen.<\/p>\n\n<p>1.5. Die Abbildungen der Waren k\u00f6nnen geringf\u00fcgig von den tats\u00e4chlichen Waren abweichen, was jedoch ihre Funktionalit\u00e4t nicht beeintr\u00e4chtigt. Technische Daten, Abbildungen, Zeichnungen, Gewichts- und Ma\u00dfangaben sind nur verbindlich, wenn dies schriftlich best\u00e4tigt wird. Der Hersteller beh\u00e4lt sich das Recht vor, \u00c4nderungen an der Konstruktion vorzunehmen.<\/p>\n\n<p>1.6. Die Angaben in den Brosch\u00fcren und Bedienungsanleitungen des Herstellers stellen keine zugesicherten Eigenschaften dar.<\/p>\n\n<p>1.7. Die dem Angebot beigef\u00fcgten Zeichnungen, technischen Spezifikationen und sonstigen Unterlagen unterliegen dem Eigentums- und Urheberrecht des Herstellers und Verk\u00e4ufers; der Verbraucher\/K\u00e4ufer ist nicht berechtigt, Dritten Zugang zu diesen Unterlagen zu gew\u00e4hren.<\/p>\n\n<ol class=\"wp-block-list\" start=\"2\">\n<li><strong>Ausf\u00fchrung der Bestellung<\/strong><\/li>\n<\/ol>\n\n<p>2.1. Der K\u00e4ufer bestellt die Waren im Online-Shop oder indem er eine E-Mail mit der Liste der ausgew\u00e4hlten Waren an shop@mrs-electronic.com schickt.<\/p>\n\n<p>2.2. Der K\u00e4ufer leistet eine Vorauszahlung f\u00fcr die ausgew\u00e4hlten Waren gem\u00e4\u00df der vom Verk\u00e4ufer ausgestellten Rechnung oder durch eine Zahlung im Online-Shop. Wenn die Zahlung auf dem Bankkonto des Verk\u00e4ufers eingegangen ist, gilt der Kaufvertrag als abgeschlossen.<\/p>\n\n<p>2.3. Der Verk\u00e4ufer schickt eine Auftragsbest\u00e4tigung mit der voraussichtlichen Lieferzeit an die E-Mail-Adresse des K\u00e4ufers.<\/p>\n\n<p>2.4. Der Verk\u00e4ufer schickt die Waren per Kurier an den K\u00e4ufer und sendet dem K\u00e4ufer per E-Mail den Code zur Sendungsverfolgung.<\/p>\n\n<ol class=\"wp-block-list\" start=\"3\">\n<li><strong>Aus\u00fcbung des Widerrufsrechts<\/strong><\/li>\n<\/ol>\n\n<p>3.1. Der K\u00e4ufer kann von seinem Widerrufsrecht Gebrauch machen und innerhalb von 14 (vierzehn) Tagen einseitig vom Kauf der Waren zur\u00fccktreten, wobei er die R\u00fccksendekosten gem\u00e4\u00df den gesetzlichen Bestimmungen zu tragen hat.<\/p>\n\n<p>3.2. Die Frist f\u00fcr die Aus\u00fcbung des Widerrufsrechts beginnt mit dem Tag der Lieferung der Ware &#8211; wenn ein Produkt bestellt wurde oder alle Waren in einer Sendung geliefert werden; mit dem Tag der Lieferung der letzten Ware &#8211; wenn mehrere Waren in der Bestellung enthalten sind und separat geliefert werden; mit dem Tag der Lieferung der letzten Partie oder des letzten Teils der Ware &#8211; wenn die Lieferung in Partien oder Teilen erfolgen soll.<\/p>\n\n<p>3.3. Unter Aus\u00fcbung des R\u00fccktrittsrechts versteht man die Mitteilung des K\u00e4ufers \u00fcber den R\u00fccktritt vom Warenkauf und die \u00dcbermittlung oder Zusendung an den Verk\u00e4ufer.<\/p>\n\n<p>3.4. F\u00fcr die R\u00fccktrittserkl\u00e4rung hat der K\u00e4ufer eine formlose R\u00fccktrittserkl\u00e4rung an die E-Mail-Adresse des Verk\u00e4ufers shop@mrs-electronic.com zu senden, in der der K\u00e4ufer anzugeben hat:<\/p>\n\n<ul class=\"wp-block-list\">\n<li>Empf\u00e4nger (Name, Anschrift, Telefonnummer, E-Mail-Adresse des Verk\u00e4ufers)<\/li>\n\n\n\n<li>Text des R\u00fccktritts: &#8220;Ich erkl\u00e4re, dass ich den Kauf der folgenden Waren widerrufen m\u00f6chte:&#8221;, unter Angabe der Bezeichnung der Waren, des Codes und der Menge der Waren.<\/li>\n\n\n\n<li>Bestelldatum \/ Lieferdatum<\/li>\n\n\n\n<li>Vorname und Nachname des K\u00e4ufers<\/li>\n\n\n\n<li>Adresse des K\u00e4ufers<\/li>\n\n\n\n<li>Das Datum der Einreichung<\/li>\n<\/ul>\n\n<p>3.5. Die an den K\u00e4ufer zur\u00fcckzusendenden Waren m\u00fcssen an MRS Electronic SIA an die f\u00fcr den K\u00e4ufer g\u00fcnstigste Adresse geliefert werden: Augusta Deglava Stra\u00dfe 66, B\u00fcro 205, Riga, LV 1035, Lettland oder Klaus-Gutsch-Str. 778628 Rottweil, Deutschland, und muss vollst\u00e4ndig eingestellt sein.<\/p>\n\n<p>3.6. Der K\u00e4ufer muss die Waren in der Originalverpackung an den Verk\u00e4ufer zur\u00fccksenden. Die Verpackung muss in gutem Zustand und ohne Besch\u00e4digungen sein.<\/p>\n\n<p>3.7. Der K\u00e4ufer kann das R\u00fccktrittsrecht nicht aus\u00fcben, wenn die Waren nach den speziellen W\u00fcnschen und Anweisungen des K\u00e4ufers angefertigt wurden oder die Waren eindeutig personalisiert wurden.<\/p>\n\n<p>3.8. Die R\u00fcckerstattung an den K\u00e4ufer erfolgt \u00fcber die urspr\u00fcngliche Zahlungsmethode.<\/p>\n\n<ol class=\"wp-block-list\" start=\"4\">\n<li><strong>Haftung<\/strong><\/li>\n<\/ol>\n\n<p>4.1. Der K\u00e4ufer haftet f\u00fcr die Wertminderung der Ware oder deren Nutzung entgegen den Grunds\u00e4tzen von Treu und Glauben, wenn das Produkt w\u00e4hrend der Aus\u00fcbung des Widerrufsrechts \u00fcber die Grenzen der f\u00fcr seine Eigenschaften und Art erforderlichen Nutzungsbedingungen hinaus genutzt wurde.<\/p>\n\n<p>4.2. Der K\u00e4ufer ist verpflichtet, die Ware sp\u00e4testens innerhalb von 14 Tagen nach Absendung der schriftlichen Ablehnung an den Verk\u00e4ufer zur\u00fcckzusenden. Der Verk\u00e4ufer ist verpflichtet, den vom K\u00e4ufer gezahlten Betrag einschlie\u00dflich der vom K\u00e4ufer gezahlten Lieferkosten zur\u00fcckzuerstatten (es sei denn, der K\u00e4ufer hat eine andere als die vom Verk\u00e4ufer angebotene g\u00fcnstigste Standardlieferart gew\u00e4hlt), und zwar sp\u00e4testens binnen 14 Tagen ab dem Tag, an dem die Entscheidung des K\u00e4ufers, vom Vertrag zur\u00fcckzutreten, eingegangen ist. Der Verk\u00e4ufer ist berechtigt, die R\u00fcckzahlung zu verweigern, bis er die Ware zur\u00fcckerhalten und eine Pr\u00fcfung des optischen und technischen Zustandes durchgef\u00fchrt hat.<\/p>\n\n<p>4.3. Der K\u00e4ufer ist f\u00fcr die Aufrechterhaltung der Qualit\u00e4t und Sicherheit der Waren w\u00e4hrend des Zeitraums der Aus\u00fcbung des Widerrufsrechts verantwortlich. Die Waren d\u00fcrfen nicht besch\u00e4digt sein.<\/p>\n\n<ol class=\"wp-block-list\" start=\"5\">\n<li><strong>Zahlung und Lieferung<\/strong><\/li>\n<\/ol>\n\n<p>5.1 Die Bezahlung der Waren ist nur in bargeldloser Form m\u00f6glich, die der K\u00e4ufer aus den im Online-Shop angebotenen Optionen ausw\u00e4hlt. Weitere Informationen zu den Zahlungsarten finden Sie im Abschnitt Zahlung und Lieferung.<\/p>\n\n<p>5.2 Die Lieferung der Waren erfolgt auf die Art und Weise, die der K\u00e4ufer aus den im Online-Shop angebotenen Optionen ausw\u00e4hlt. Bitte lesen Sie mehr \u00fcber die Lieferung im Abschnitt Zahlung und Lieferung.<\/p>\n\n<ol class=\"wp-block-list\" start=\"6\">\n<li><strong>Garantie<\/strong><\/li>\n<\/ol>\n\n<p>6.1. Der K\u00e4ufer hat das Recht, innerhalb von zwei Jahren ab dem Kaufdatum der Waren beim Verk\u00e4ufer eine Reklamation wegen Nicht\u00fcbereinstimmung der Waren einzureichen. Der K\u00e4ufer muss dem Verk\u00e4ufer innerhalb von zwei Monaten ab dem Tag, an dem er die M\u00e4ngel an den Waren festgestellt hat, einen Reklamationsantrag vorlegen. Als Tag des Kaufs der Waren gilt der Tag, an dem der Verk\u00e4ufer die jeweiligen Waren erhalten hat (Tag der Lieferung).<\/p>\n\n<p>6.2. Bei der Reklamation von Warenm\u00e4ngeln gegen\u00fcber dem Hersteller oder dem Verk\u00e4ufer muss der K\u00e4ufer dem Reklamationsantrag eine Kopie des Dokuments beif\u00fcgen, das die Transaktion best\u00e4tigt.<\/p>\n\n<p>6.3. Die Reklamation des K\u00e4ufers wird innerhalb von 7 Werktagen nach Eingang der Reklamation gepr\u00fcft, wobei die Antwort an die in der Reklamation angegebene Kontaktadresse geschickt wird. Wenn sich die Forderung als unbegr\u00fcndet erweist und der K\u00e4ufer mit ihr nicht einverstanden ist, hat er das Recht, andere in den Rechtsvorschriften vorgesehene Rechte auszu\u00fcben.<\/p>\n\n<ol class=\"wp-block-list\" start=\"7\">\n<li><strong>Datenschutz<\/strong><\/li>\n<\/ol>\n\n<p>7.1. Der Verk\u00e4ufer sch\u00fctzt die Grundrechte und -freiheiten von Privatpersonen, insbesondere die Privatsph\u00e4re, im Hinblick auf die Verarbeitung personenbezogener Daten gem\u00e4\u00df der Richtlinie 95\/46\/EG des Europ\u00e4ischen Parlaments und des Rates zum Schutz nat\u00fcrlicher Personen bei der Verarbeitung personenbezogener Daten und zum freien Datenverkehr sowie dem Gesetz der Republik Lettland &#8220;Gesetz zum Schutz personenbezogener Daten&#8221;.<\/p>\n\n<p>7.2. Der Verk\u00e4ufer erh\u00e4lt die pers\u00f6nlichen Daten des Verbrauchers, da diese notwendig sind, um die Bedingungen des Fernabsatzvertrags zu erf\u00fcllen und die Waren an den Verbraucher zu liefern. Die pers\u00f6nlichen Daten des Verbrauchers tragen auch dazu bei, den Verbraucher \u00fcber Neuigkeiten im Warenangebot, Verk\u00e4ufe und Veranstaltungen zu informieren, die f\u00fcr ihn von Interesse sein k\u00f6nnten. Auf der Website kann man ein Produkt bestellen, Anfragen stellen und Informationen \u00fcber Neuigkeiten, Verk\u00e4ufe usw. anfordern. Um die Anfrage des Verbrauchers bearbeiten zu k\u00f6nnen, ben\u00f6tigt der Verk\u00e4ufer Informationen wie Name, Adresse, E-Mail-Adresse, Telefonnummer usw. Der Verk\u00e4ufer erhebt und verarbeitet keine sensiblen personenbezogenen Daten.<\/p>\n\n<p>7.3. Der Verk\u00e4ufer verwendet oder teilt die vom Verbraucher online erhaltenen Informationen nicht. Der Verk\u00e4ufer verkauft oder vermietet die Kontaktinformationen des Verbrauchers nicht an andere Marktteilnehmer.<\/p>\n\n<p>7.4. Die vom Verbraucher zur Verf\u00fcgung gestellten Informationen helfen dem Verk\u00e4ufer, seine Dienstleistung zu erbringen, die Anfragen des Verbrauchers zu bearbeiten, die Waren zu liefern und Unterst\u00fctzungsleistungen im Zusammenhang mit der Lieferung und Nutzung der Waren zu erbringen.<\/p>\n\n<p>7.5. Der Verk\u00e4ufer ist verpflichtet, personenbezogene Daten an staatliche und kommunale Beh\u00f6rden in den gesetzlich vorgesehenen F\u00e4llen weiterzugeben. Der Verk\u00e4ufer ist verpflichtet, die pers\u00f6nlichen Daten des Verbrauchers weiterzugeben, wenn dies gesetzlich vorgeschrieben ist.<\/p>\n\n<p>7.6. Der Verk\u00e4ufer ergreift alle m\u00f6glichen Ma\u00dfnahmen f\u00fcr die Sicherheit der pers\u00f6nlichen Daten des Verbrauchers, um sie vor Diebstahl, Verlust, Missbrauch sowie vor unbefugtem Zugriff, Offenlegung, \u00c4nderung und Besch\u00e4digung zu sch\u00fctzen.<\/p>\n\n<p>7.7. Mit der Nutzung der Website des Verk\u00e4ufers erkl\u00e4rt sich der Verbraucher mit der Verarbeitung personenbezogener Daten einverstanden.<\/p>\n\n<p>7.8. Bitte machen Sie sich hier mit der vollst\u00e4ndigen Datenschutzpolitik des Verk\u00e4ufers vertraut: <a href=\"http:\/\/shop.mrs-electronic.com\/data-protection\/\" target=\"_blank\" rel=\"noopener\">shop.mrs-electronic.com\/data-protection\/<\/a><\/p>\n\n<ol class=\"wp-block-list\" start=\"8\">\n<li><strong>Links zu Websites von Dritten<\/strong><\/li>\n<\/ol>\n\n<p>8.1. Der Verk\u00e4ufer ist nicht verantwortlich f\u00fcr den Inhalt anderer Websites, zu oder von denen die Links zur Website des Verk\u00e4ufers f\u00fchren. Die auf dieser Website verwendeten Links dienen nur der Bequemlichkeit und stellen keine Billigung des betreffenden Inhalts, Produkts, Dienstes oder Lieferanten durch den Verk\u00e4ufer, seine Tochtergesellschaften oder verbundenen Unternehmen dar. Die Nutzung von Links zu oder von anderen Websites erfolgt auf eigenes Risiko des Verbrauchers. Der Verk\u00e4ufer ist in keiner Weise daf\u00fcr verantwortlich, andere Websites, von denen oder zu denen Links zur Website des Verk\u00e4ufers f\u00fchren, zu \u00fcberpr\u00fcfen oder zu bewerten, und der Verk\u00e4ufer garantiert weder das Angebot dieser anderen Websites noch \u00fcbernimmt er irgendeine Verantwortung oder Haftung f\u00fcr den Betrieb der Inhalte, Produkte oder Dienstleistungen dieser anderen Websites, einschlie\u00dflich und ohne Einschr\u00e4nkung ihrer Datenschutzrichtlinien und Gesch\u00e4ftsbedingungen. Der Verbraucher sollte die Allgemeinen Gesch\u00e4ftsbedingungen und die Datenschutzbestimmungen aller anderen besuchten Websites sorgf\u00e4ltig lesen.<\/p>\n\n<ol class=\"wp-block-list\" start=\"9\">\n<li><strong>Beilegung von Streitigkeiten<\/strong><\/li>\n<\/ol>\n\n<p>9.1. F\u00fcr die Rechtsbeziehungen, die sich aus diesen Bedingungen ergeben, gelten die Rechtsvorschriften der Republik Lettland und der Europ\u00e4ischen Union.<\/p>\n\n<ol class=\"wp-block-list\" start=\"10\">\n<li><strong>H\u00f6here Gewalt<\/strong><\/li>\n<\/ol>\n\n<p>10.1. Der Verk\u00e4ufer haftet nicht f\u00fcr Verz\u00f6gerungen, Nichterf\u00fcllung oder sonstige Ausf\u00e4lle, die auf Umst\u00e4nde und Hindernisse zur\u00fcckzuf\u00fchren sind, die sich seiner Kontrolle entziehen, wie z. B. Streiks, beh\u00f6rdliche Anordnungen, Kriegshandlungen oder nationale Notst\u00e4nde, terroristische Bedrohungen oder Handlungen, Umwelt- oder Klimaanomalien, Nichteinhaltung von Vorschriften durch Dritte, Unterbrechungen der Internetverbindung sowie Ausf\u00e4lle von Computerausr\u00fcstung und Software. Im Falle h\u00f6herer Gewalt wird sich der Verk\u00e4ufer bem\u00fchen, die Verz\u00f6gerungen so schnell wie m\u00f6glich zu beseitigen.<\/p>\n","protected":false},"excerpt":{"rendered":"<p>Allgemeine Gesch\u00e4ftsbedingungen des MRS Electronic Webshops F\u00dcR PRIVATE KUNDEN Verwendete Begriffe Verk\u00e4ufer &#8211; MRS Electronic SIA, einheitliche Registrierungsnummer 40203245539, juristische<\/p>\n","protected":false},"author":1,"featured_media":0,"parent":0,"menu_order":0,"comment_status":"closed","ping_status":"closed","template":"","meta":{"footnotes":""},"class_list":["post-11515","page","type-page","status-publish","hentry"],"acf":[],"_links":{"self":[{"href":"https:\/\/mrsshop2.demowebserver.de\/de\/wp-json\/wp\/v2\/pages\/11515","targetHints":{"allow":["GET"]}}],"collection":[{"href":"https:\/\/mrsshop2.demowebserver.de\/de\/wp-json\/wp\/v2\/pages"}],"about":[{"href":"https:\/\/mrsshop2.demowebserver.de\/de\/wp-json\/wp\/v2\/types\/page"}],"author":[{"embeddable":true,"href":"https:\/\/mrsshop2.demowebserver.de\/de\/wp-json\/wp\/v2\/users\/1"}],"replies":[{"embeddable":true,"href":"https:\/\/mrsshop2.demowebserver.de\/de\/wp-json\/wp\/v2\/comments?post=11515"}],"version-history":[{"count":1,"href":"https:\/\/mrsshop2.demowebserver.de\/de\/wp-json\/wp\/v2\/pages\/11515\/revisions"}],"predecessor-version":[{"id":11516,"href":"https:\/\/mrsshop2.demowebserver.de\/de\/wp-json\/wp\/v2\/pages\/11515\/revisions\/11516"}],"wp:attachment":[{"href":"https:\/\/mrsshop2.demowebserver.de\/de\/wp-json\/wp\/v2\/media?parent=11515"}],"curies":[{"name":"wp","href":"https:\/\/api.w.org\/{rel}","templated":true}]}}