{"id":11513,"date":"2023-03-22T13:08:05","date_gmt":"2023-03-22T11:08:05","guid":{"rendered":"https:\/\/mrsshop.demowebserver.de\/bedingungen-und-konditionen-fuer-unternehmen\/"},"modified":"2024-02-27T09:10:21","modified_gmt":"2024-02-27T07:10:21","slug":"bedingungen-und-konditionen-fuer-unternehmen","status":"publish","type":"page","link":"https:\/\/mrsshop2.demowebserver.de\/de\/bedingungen-und-konditionen-fuer-unternehmen\/","title":{"rendered":"Bedingungen und Konditionen f\u00fcr Unternehmen"},"content":{"rendered":"\n<h3 class=\"wp-block-heading has-text-color\" style=\"color:#2484c7\"><strong>Allgemeine Gesch\u00e4ftsbedingungen von MRS Electronic webshop FOR COMPANIES<\/strong><\/h3>\n\n<p><strong>Allgemeine Gesch\u00e4ftsbedingungen der MRS Electronic SIA<br\/><\/strong> <\/p>\n\n<p>Alle Verkaufsgesch\u00e4fte und Lieferungen an Verbraucher unterliegen dem in der Republik Lettland geltenden Gesetz zum Schutz der Verbraucherrechte und anderen Rechtsakten, die die vertraglichen Beziehungen mit Verbrauchern regeln.<\/p>\n\n<p>F\u00fcr alle Verk\u00e4ufe und Lieferungen an juristische Personen gelten die nachstehenden Bedingungen, sofern nicht schriftlich etwas anderes vereinbart wurde.<\/p>\n\n<p>1. Unsere Angebote k\u00f6nnen sich \u00e4ndern. Die Vertr\u00e4ge kommen erst mit unserer Auftragsbest\u00e4tigung zustande. Technische Daten, Abbildungen, Zeichnungen, Gewichts- und Ma\u00dfangaben sind nur verbindlich, wenn sie schriftlich best\u00e4tigt werden. Wir behalten uns das Recht vor, Design\u00e4nderungen vorzunehmen. Die Angaben in den Brosch\u00fcren und Gebrauchsanweisungen gelten nicht als garantierte Best\u00e4tigung der Eigenschaften des Produkts. Es obliegt dem Kunden, die Verwendbarkeit der gekauften Ware f\u00fcr seine spezifischen Nutzungsbed\u00fcrfnisse zu pr\u00fcfen. Die dem Angebot beigef\u00fcgten Zeichnungen, technischen Spezifikationen und sonstigen Unterlagen unterliegen unserem Eigentums- und Urheberrecht und d\u00fcrfen vom Auftraggeber nicht an Dritte weitergegeben werden.<\/p>\n\n<p>2. Die Lieferung beginnt mit dem Eingang der Kaufbest\u00e4tigungsunterlagen des Kunden und dem Eingang der vertraglichen Einlage auf dem Bankkonto von MRS Electronic SIA. Die Lieferzeit wird zum Zeitpunkt der Auftragsbest\u00e4tigung festgelegt. \u00c4nderungen der Lieferzeiten werden schriftlich mitgeteilt.<\/p>\n\n<p>3. Wir sind zu Teillieferungen berechtigt. Jede Teillieferung kann separat in Rechnung gestellt werden.<\/p>\n\n<p>4. H\u00f6here Gewalt, Betriebsst\u00f6rungen, Streiks oder sonstige von uns oder unseren Lieferanten nicht zu vertretende Hindernisse entbinden uns f\u00fcr die Dauer der St\u00f6rung und deren Folgen von der Verpflichtung zur Lieferung der Ware.<\/p>\n\n<p>5. F\u00fcr die Lieferung von Waren w\u00e4hlen wir nach eigenem Ermessen die sicherste und kosteng\u00fcnstigste L\u00f6sung. Lieferbedingungen &#8211; FCA.<\/p>\n\n<p>6. Die Gefahr geht auf den Kunden \u00fcber, sobald die Ware an das Transportunternehmen \u00fcbergeben oder dem Kunden zur Entgegennahme zur Verf\u00fcgung gestellt worden ist. Verz\u00f6gert sich der Versand infolge von Umst\u00e4nden, die der Kunde zu vertreten hat, so geht die Gefahr im Zeitpunkt der Meldung der Versandbereitschaft auf den Kunden \u00fcber. In diesem Fall werden die Waren auf Kosten des Kunden gelagert. Dar\u00fcber hinaus berechnen wir dem Kunden f\u00fcr jeden Monat der Lagerung mindestens 0,5 % des Rechnungsbetrags.<\/p>\n\n<p>7. Die Warenpreise verstehen sich ohne Lieferkosten und Mehrwertsteuer.  <\/p>\n\n<p>8. Wir gehen davon aus, dass Zahlungen des Kunden nur in dem Umfang geleistet wurden, in dem sie auf unserem Bankkonto eingegangen sind. Wir akzeptieren nur Zahlungen per Bank\u00fcberweisung, die Bankgeb\u00fchren gehen zu Lasten des Kunden. Bei Zahlungsverzug wird dem Kunden eine Strafe von 0,5 % pro Tag des unbezahlten Rechnungsbetrags auferlegt. Bestehen begr\u00fcndete Zweifel an der Zahlungsf\u00e4higkeit des Kunden oder wird \u00fcber sein Verm\u00f6gen das Konkurs- oder Vergleichsverfahren er\u00f6ffnet, so sind wir berechtigt, nach unserer Wahl eine Forderung anzumelden oder eine Vorauszahlung oder Sicherheitsleistung zu verlangen. Gegen unsere Anspr\u00fcche kann der Kunde nur mit unbestrittenen oder rechtskr\u00e4ftig festgestellten Gegenanspr\u00fcchen aufrechnen. Der Kunde hat nicht das Recht, die Zahlung aufzuschieben oder die Rechnung nur teilweise zu begleichen, wenn er Beanstandungen an unseren Waren hat.<\/p>\n\n<p>9. Wir behalten uns das Eigentum an den gelieferten Waren vor, bis der Kunde alle Rechnungen im Zusammenhang mit seinem Kauf vollst\u00e4ndig bezahlt hat.<\/p>\n\n<p>10. M\u00e4ngel der gelieferten Ware sind uns sp\u00e4testens 14 Tage nach Erhalt der Ware, bei versteckten M\u00e4ngeln unverz\u00fcglich nach Entdeckung, schriftlich mitzuteilen. Wird diese Frist \u00fcberschritten, erl\u00f6schen alle M\u00e4ngelanspr\u00fcche. Die Verj\u00e4hrungsfrist f\u00fcr M\u00e4ngelanspr\u00fcche betr\u00e4gt 12 Monate ab Lieferung. Bei berechtigten Beanstandungen werden wir nach unserer Wahl die Ware nachbessern oder Ersatz liefern. Geschieht dies nicht innerhalb einer angemessenen Frist, ist die Ersatzlieferung fehlerhaft oder schl\u00e4gt die Nachbesserung fehl, kann der Kunde die Ware zur\u00fcckgeben oder eine Preisminderung verlangen.<\/p>\n\n<p>11. Schadensersatzanspr\u00fcche jeglicher Art gegen uns entstehen nur, wenn zugesicherte Eigenschaften fehlen, wesentliche Vertragspflichten verletzt werden oder ein Schaden durch uns oder unsere Erf\u00fcllungsgehilfen vors\u00e4tzlich oder grob fahrl\u00e4ssig verursacht wurde. Unsere Haftung ist auf den vorhersehbaren Schaden als Folge des Fehlers begrenzt. Ansonsten sind Schadensersatzanspr\u00fcche ausgeschlossen. Tritt der Kunde grundlos vom Auftrag zur\u00fcck oder erf\u00fcllt er den Vertrag nicht, k\u00f6nnen wir 25% der Auftragssumme als Schadenersatz verlangen. Die Geltendmachung eines nachweislich h\u00f6heren Schadens bleibt vorbehalten.<\/p>\n\n<p>12. Verweigert der Kunde die Annahme der Verpackung der Ware, transportieren wir sie auf Kosten des Kunden zur\u00fcck.<\/p>\n\n<p>13. Bei Exportgesch\u00e4ften ist der Kunde verpflichtet, die f\u00fcr die Lieferung von Waren geltenden Ausfuhrvorschriften einzuhalten. Bei Verst\u00f6\u00dfen gegen die Exportbestimmungen sind wir berechtigt, vom Vertrag zur\u00fcckzutreten. Enth\u00e4lt die Lieferung eine genehmigungspflichtige Ausfuhr, so gilt der Vertrag erst mit Erhalt der entsprechenden Genehmigung als geschlossen. Der Kunde verpflichtet sich, alle f\u00fcr die Genehmigung erforderlichen Unterlagen zur Verf\u00fcgung zu stellen. Der Kunde verpflichtet sich, auf Verlangen einen Verwendungsnachweis und \/ oder eine Endverbleibsbest\u00e4tigung vorzulegen, auch wenn dies nicht offiziell vorgeschrieben ist. Im Falle der Ausfuhr\/Versendung ist die Lieferung nur dann von der lettischen Mehrwertsteuer befreit, wenn ein rechtsg\u00fcltiger Ausfuhrnachweis vorliegt.<\/p>\n\n<p>14. Subsidiarit\u00e4tsklausel &#8211; Sollte eine Bestimmung dieser Bedingungen unwirksam oder nichtig sein oder werden, so wird dadurch die Wirksamkeit der \u00fcbrigen Bestimmungen nicht ber\u00fchrt. In einem solchen Fall sollte die unwirksame oder nichtige Bestimmung vielmehr so ausgelegt, umgedeutet oder ersetzt werden, dass der mit ihr verfolgte wirtschaftliche Zweck erreicht wird. Dies gilt nicht, wenn das Festhalten am Vertrag f\u00fcr eine der Parteien eine unzumutbare H\u00e4rte darstellen w\u00fcrde.<\/p>\n\n<p>15. Erf\u00fcllungsort f\u00fcr Lieferung und Zahlung ist Riga, Lettland. Der Gerichtsstand ist Riga, Lettland. Es gilt lettisches Recht unter Ausschluss des \u00dcbereinkommens der Vereinten Nationen \u00fcber Vertr\u00e4ge \u00fcber den internationalen Warenkauf.<\/p>\n\n<p>  G\u00fcltig ab 20.07.2021<\/p>\n","protected":false},"excerpt":{"rendered":"<p>Allgemeine Gesch\u00e4ftsbedingungen von MRS Electronic webshop FOR COMPANIES Allgemeine Gesch\u00e4ftsbedingungen der MRS Electronic SIA Alle Verkaufsgesch\u00e4fte und Lieferungen an Verbraucher<\/p>\n","protected":false},"author":1,"featured_media":0,"parent":0,"menu_order":0,"comment_status":"closed","ping_status":"closed","template":"","meta":{"footnotes":""},"class_list":["post-11513","page","type-page","status-publish","hentry"],"acf":[],"_links":{"self":[{"href":"https:\/\/mrsshop2.demowebserver.de\/de\/wp-json\/wp\/v2\/pages\/11513","targetHints":{"allow":["GET"]}}],"collection":[{"href":"https:\/\/mrsshop2.demowebserver.de\/de\/wp-json\/wp\/v2\/pages"}],"about":[{"href":"https:\/\/mrsshop2.demowebserver.de\/de\/wp-json\/wp\/v2\/types\/page"}],"author":[{"embeddable":true,"href":"https:\/\/mrsshop2.demowebserver.de\/de\/wp-json\/wp\/v2\/users\/1"}],"replies":[{"embeddable":true,"href":"https:\/\/mrsshop2.demowebserver.de\/de\/wp-json\/wp\/v2\/comments?post=11513"}],"version-history":[{"count":1,"href":"https:\/\/mrsshop2.demowebserver.de\/de\/wp-json\/wp\/v2\/pages\/11513\/revisions"}],"predecessor-version":[{"id":11514,"href":"https:\/\/mrsshop2.demowebserver.de\/de\/wp-json\/wp\/v2\/pages\/11513\/revisions\/11514"}],"wp:attachment":[{"href":"https:\/\/mrsshop2.demowebserver.de\/de\/wp-json\/wp\/v2\/media?parent=11513"}],"curies":[{"name":"wp","href":"https:\/\/api.w.org\/{rel}","templated":true}]}}